{"id":86,"date":"2015-10-27T10:38:57","date_gmt":"2015-10-27T10:38:57","guid":{"rendered":"http:\/\/themes.muffingroup.com\/be\/farmer\/?page_id=2"},"modified":"2024-06-06T11:43:29","modified_gmt":"2024-06-06T11:43:29","slug":"fundacion-rehobot-el-shaddai","status":"publish","type":"page","link":"https:\/\/rehobotelshaddai.org\/","title":{"rendered":"Inicio"},"content":{"rendered":"","protected":false},"excerpt":{"rendered":"","protected":false},"author":1,"featured_media":0,"parent":0,"menu_order":0,"comment_status":"open","ping_status":"open","template":"","meta":{"_joinchat":[],"footnotes":"","_links_to":"","_links_to_target":""},"class_list":["post-86","page","type-page","status-publish","hentry"],"yoast_head":"<!-- This site is optimized with the Yoast SEO plugin v27.3 - https:\/\/yoast.com\/product\/yoast-seo-wordpress\/ -->\n<title>Fundaci\u00f3n Rehobot El Shaddai - (+57) 320 565 2653 - (+57) 311 687 6512<\/title>\n<meta name=\"description\" content=\"Buscamos el desarrollo social a sus asociados y a la comunidad en general, reivindicar y promover los derechos humanos, territoriales, sociales, econ\u00f3micos, culturales, ambientales y\/o pol\u00edticos de las Comunidades.Ponemos a su disposici\u00f3n servicios profesionales orientados a promover el desarrollo social productivo, ambiental, agr\u00edcola, empresarial y cultural\" \/>\n<meta name=\"robots\" content=\"index, follow, max-snippet:-1, max-image-preview:large, max-video-preview:-1\" \/>\n<link rel=\"canonical\" href=\"https:\/\/rehobotelshaddai.org\/\" \/>\n<meta property=\"og:locale\" content=\"es_ES\" \/>\n<meta property=\"og:type\" content=\"article\" \/>\n<meta property=\"og:title\" content=\"Fundaci\u00f3n Rehobot El Shaddai - (+57) 320 565 2653 - (+57) 311 687 6512\" \/>\n<meta property=\"og:description\" content=\"Buscamos el desarrollo social a sus asociados y a la comunidad en general, reivindicar y promover los derechos humanos, territoriales, sociales, econ\u00f3micos, culturales, ambientales y\/o pol\u00edticos de las Comunidades.Ponemos a su disposici\u00f3n servicios profesionales orientados a promover el desarrollo social productivo, ambiental, agr\u00edcola, empresarial y cultural\" \/>\n<meta property=\"og:url\" content=\"https:\/\/rehobotelshaddai.org\/\" \/>\n<meta property=\"og:site_name\" content=\"Fundaci\u00f3n Rehobot El Shaddai\" \/>\n<meta property=\"article:modified_time\" content=\"2024-06-06T11:43:29+00:00\" \/>\n<meta name=\"twitter:card\" content=\"summary_large_image\" \/>\n<script type=\"application\/ld+json\" class=\"yoast-schema-graph\">{\"@context\":\"https:\\\/\\\/schema.org\",\"@graph\":[{\"@type\":\"WebPage\",\"@id\":\"https:\\\/\\\/rehobotelshaddai.org\\\/\",\"url\":\"https:\\\/\\\/rehobotelshaddai.org\\\/\",\"name\":\"Fundaci\u00f3n Rehobot El Shaddai - (+57) 320 565 2653 - (+57) 311 687 6512\",\"isPartOf\":{\"@id\":\"https:\\\/\\\/rehobotelshaddai.org\\\/#website\"},\"datePublished\":\"2015-10-27T10:38:57+00:00\",\"dateModified\":\"2024-06-06T11:43:29+00:00\",\"description\":\"Buscamos el desarrollo social a sus asociados y a la comunidad en general, reivindicar y promover los derechos humanos, territoriales, sociales, econ\u00f3micos, culturales, ambientales y\\\/o pol\u00edticos de las Comunidades.Ponemos a su disposici\u00f3n servicios profesionales orientados a promover el desarrollo social productivo, ambiental, agr\u00edcola, empresarial y cultural\",\"breadcrumb\":{\"@id\":\"https:\\\/\\\/rehobotelshaddai.org\\\/#breadcrumb\"},\"inLanguage\":\"es\",\"potentialAction\":[{\"@type\":\"ReadAction\",\"target\":[\"https:\\\/\\\/rehobotelshaddai.org\\\/\"]}]},{\"@type\":\"BreadcrumbList\",\"@id\":\"https:\\\/\\\/rehobotelshaddai.org\\\/#breadcrumb\",\"itemListElement\":[{\"@type\":\"ListItem\",\"position\":1,\"name\":\"Portada\",\"item\":\"https:\\\/\\\/rehobotelshaddai.org\\\/\"},{\"@type\":\"ListItem\",\"position\":2,\"name\":\"Inicio\"}]},{\"@type\":\"WebSite\",\"@id\":\"https:\\\/\\\/rehobotelshaddai.org\\\/#website\",\"url\":\"https:\\\/\\\/rehobotelshaddai.org\\\/\",\"name\":\"Fundaci\u00f3n Rehobot El Shaddai\",\"description\":\"Buscamos el desarrollo social a sus asociados y a la comunidad en general, reivindicar y promover los derechos humanos, territoriales, sociales, econ\u00f3micos, culturales, ambientales y\\\/o pol\u00edticos de las Comunidades.\",\"potentialAction\":[{\"@type\":\"SearchAction\",\"target\":{\"@type\":\"EntryPoint\",\"urlTemplate\":\"https:\\\/\\\/rehobotelshaddai.org\\\/?s={search_term_string}\"},\"query-input\":{\"@type\":\"PropertyValueSpecification\",\"valueRequired\":true,\"valueName\":\"search_term_string\"}}],\"inLanguage\":\"es\"}]}<\/script>\n<!-- \/ Yoast SEO plugin. -->","yoast_head_json":{"title":"Fundaci\u00f3n Rehobot El Shaddai - (+57) 320 565 2653 - (+57) 311 687 6512","description":"Buscamos el desarrollo social a sus asociados y a la comunidad en general, reivindicar y promover los derechos humanos, territoriales, sociales, econ\u00f3micos, culturales, ambientales y\/o pol\u00edticos de las Comunidades.Ponemos a su disposici\u00f3n servicios profesionales orientados a promover el desarrollo social productivo, ambiental, agr\u00edcola, empresarial y cultural","robots":{"index":"index","follow":"follow","max-snippet":"max-snippet:-1","max-image-preview":"max-image-preview:large","max-video-preview":"max-video-preview:-1"},"canonical":"https:\/\/rehobotelshaddai.org\/","og_locale":"es_ES","og_type":"article","og_title":"Fundaci\u00f3n Rehobot El Shaddai - (+57) 320 565 2653 - (+57) 311 687 6512","og_description":"Buscamos el desarrollo social a sus asociados y a la comunidad en general, reivindicar y promover los derechos humanos, territoriales, sociales, econ\u00f3micos, culturales, ambientales y\/o pol\u00edticos de las Comunidades.Ponemos a su disposici\u00f3n servicios profesionales orientados a promover el desarrollo social productivo, ambiental, agr\u00edcola, empresarial y cultural","og_url":"https:\/\/rehobotelshaddai.org\/","og_site_name":"Fundaci\u00f3n Rehobot El Shaddai","article_modified_time":"2024-06-06T11:43:29+00:00","twitter_card":"summary_large_image","schema":{"@context":"https:\/\/schema.org","@graph":[{"@type":"WebPage","@id":"https:\/\/rehobotelshaddai.org\/","url":"https:\/\/rehobotelshaddai.org\/","name":"Fundaci\u00f3n Rehobot El Shaddai - (+57) 320 565 2653 - (+57) 311 687 6512","isPartOf":{"@id":"https:\/\/rehobotelshaddai.org\/#website"},"datePublished":"2015-10-27T10:38:57+00:00","dateModified":"2024-06-06T11:43:29+00:00","description":"Buscamos el desarrollo social a sus asociados y a la comunidad en general, reivindicar y promover los derechos humanos, territoriales, sociales, econ\u00f3micos, culturales, ambientales y\/o pol\u00edticos de las Comunidades.Ponemos a su disposici\u00f3n servicios profesionales orientados a promover el desarrollo social productivo, ambiental, agr\u00edcola, empresarial y cultural","breadcrumb":{"@id":"https:\/\/rehobotelshaddai.org\/#breadcrumb"},"inLanguage":"es","potentialAction":[{"@type":"ReadAction","target":["https:\/\/rehobotelshaddai.org\/"]}]},{"@type":"BreadcrumbList","@id":"https:\/\/rehobotelshaddai.org\/#breadcrumb","itemListElement":[{"@type":"ListItem","position":1,"name":"Portada","item":"https:\/\/rehobotelshaddai.org\/"},{"@type":"ListItem","position":2,"name":"Inicio"}]},{"@type":"WebSite","@id":"https:\/\/rehobotelshaddai.org\/#website","url":"https:\/\/rehobotelshaddai.org\/","name":"Fundaci\u00f3n Rehobot El Shaddai","description":"Buscamos el desarrollo social a sus asociados y a la comunidad en general, reivindicar y promover los derechos humanos, territoriales, sociales, econ\u00f3micos, culturales, ambientales y\/o pol\u00edticos de las Comunidades.","potentialAction":[{"@type":"SearchAction","target":{"@type":"EntryPoint","urlTemplate":"https:\/\/rehobotelshaddai.org\/?s={search_term_string}"},"query-input":{"@type":"PropertyValueSpecification","valueRequired":true,"valueName":"search_term_string"}}],"inLanguage":"es"}]}},"_links":{"self":[{"href":"https:\/\/rehobotelshaddai.org\/index.php\/wp-json\/wp\/v2\/pages\/86","targetHints":{"allow":["GET"]}}],"collection":[{"href":"https:\/\/rehobotelshaddai.org\/index.php\/wp-json\/wp\/v2\/pages"}],"about":[{"href":"https:\/\/rehobotelshaddai.org\/index.php\/wp-json\/wp\/v2\/types\/page"}],"author":[{"embeddable":true,"href":"https:\/\/rehobotelshaddai.org\/index.php\/wp-json\/wp\/v2\/users\/1"}],"replies":[{"embeddable":true,"href":"https:\/\/rehobotelshaddai.org\/index.php\/wp-json\/wp\/v2\/comments?post=86"}],"version-history":[{"count":2,"href":"https:\/\/rehobotelshaddai.org\/index.php\/wp-json\/wp\/v2\/pages\/86\/revisions"}],"predecessor-version":[{"id":102,"href":"https:\/\/rehobotelshaddai.org\/index.php\/wp-json\/wp\/v2\/pages\/86\/revisions\/102"}],"wp:attachment":[{"href":"https:\/\/rehobotelshaddai.org\/index.php\/wp-json\/wp\/v2\/media?parent=86"}],"curies":[{"name":"wp","href":"https:\/\/api.w.org\/{rel}","templated":true}]}}